{"id":8,"date":"2020-08-01T08:40:58","date_gmt":"2020-08-01T06:40:58","guid":{"rendered":"http:\/\/www.ateliergene.ch\/?page_id=8"},"modified":"2022-01-19T17:03:12","modified_gmt":"2022-01-19T16:03:12","slug":"a-propos","status":"publish","type":"page","link":"https:\/\/www.ateliergene.ch\/index.php\/a-propos\/","title":{"rendered":"A propos"},"content":{"rendered":"\n<p>Genevi\u00e8ve Schneeberger, c\u00e9ramiste et peintre, a son atelier en plein centre de Lausanne. Elle donne des cours dans cet espace, qui b\u00e9n\u00e9ficie de toute l&rsquo;infrastructure n\u00e9cessaire. Dans la peinture, ce qu&rsquo;elle pr\u00e9f\u00e8re, c&rsquo;est la mise en sc\u00e8ne ; elle peint \u00e0 l&rsquo;huile principalement. La fragilit\u00e9 et l&rsquo;unicit\u00e9 de l&rsquo;\u00eatre humain, son identit\u00e9 et ce qui le transcende sont des th\u00e8mes qui l&rsquo;attirent. Dans ces pi\u00e8ces de c\u00e9ramique, les f\u00ealures et les fragments sont souvent pr\u00e9sents sous forme d&rsquo;anciens tessons,  d&rsquo;\u00e9l\u00e9ment ressemblant \u00e0 des fossiles ou \u00e0 des vestiges antiques. <\/p>\n\n\n\n<p>Curriculum Vitae \u00e0 t\u00e9l\u00e9charger: <a href=\"http:\/\/www.ateliergene.ch\/wp-content\/uploads\/2022\/01\/CV-artistique-2022-1.pdf\">CV 2022<\/a><\/p>\n\n\n\n<p>Article \u00e0 t\u00e9l\u00e9charger (<em>A jour, Swiss ceramics<\/em>, janvier 2012): <a href=\"http:\/\/www.ateliergene.ch\/wp-content\/uploads\/2020\/08\/interview_Geeceramique.pdf\">Interview de Genevi\u00e8ve Schneeberger<\/a><\/p>\n\n\n\n<h3>Contact<\/h3>\n\n\n\n<p> Genevi\u00e8ve Schneeberger <\/p>\n\n\n\n<p>078 808 71 18 &nbsp;<\/p>\n","protected":false},"excerpt":{"rendered":"<p>Genevi\u00e8ve Schneeberger, c\u00e9ramiste et peintre, a son atelier en plein centre de Lausanne. Elle donne des cours dans cet espace, qui b\u00e9n\u00e9ficie de toute l&rsquo;infrastructure n\u00e9cessaire. Dans la peinture, ce qu&rsquo;elle pr\u00e9f\u00e8re, c&rsquo;est la mise en sc\u00e8ne ; elle peint \u00e0 l&rsquo;huile principalement. La fragilit\u00e9 et l&rsquo;unicit\u00e9 de l&rsquo;\u00eatre humain, son identit\u00e9 et ce qui &hellip; <\/p>\n","protected":false},"author":1,"featured_media":90,"parent":0,"menu_order":0,"comment_status":"closed","ping_status":"closed","template":"","meta":[],"_links":{"self":[{"href":"https:\/\/www.ateliergene.ch\/index.php\/wp-json\/wp\/v2\/pages\/8"}],"collection":[{"href":"https:\/\/www.ateliergene.ch\/index.php\/wp-json\/wp\/v2\/pages"}],"about":[{"href":"https:\/\/www.ateliergene.ch\/index.php\/wp-json\/wp\/v2\/types\/page"}],"author":[{"embeddable":true,"href":"https:\/\/www.ateliergene.ch\/index.php\/wp-json\/wp\/v2\/users\/1"}],"replies":[{"embeddable":true,"href":"https:\/\/www.ateliergene.ch\/index.php\/wp-json\/wp\/v2\/comments?post=8"}],"version-history":[{"count":6,"href":"https:\/\/www.ateliergene.ch\/index.php\/wp-json\/wp\/v2\/pages\/8\/revisions"}],"predecessor-version":[{"id":274,"href":"https:\/\/www.ateliergene.ch\/index.php\/wp-json\/wp\/v2\/pages\/8\/revisions\/274"}],"wp:featuredmedia":[{"embeddable":true,"href":"https:\/\/www.ateliergene.ch\/index.php\/wp-json\/wp\/v2\/media\/90"}],"wp:attachment":[{"href":"https:\/\/www.ateliergene.ch\/index.php\/wp-json\/wp\/v2\/media?parent=8"}],"curies":[{"name":"wp","href":"https:\/\/api.w.org\/{rel}","templated":true}]}}