{"id":146,"date":"2020-08-01T08:55:35","date_gmt":"2020-08-01T06:55:35","guid":{"rendered":"http:\/\/www.ateliergene.ch\/?page_id=146"},"modified":"2022-01-19T17:35:51","modified_gmt":"2022-01-19T16:35:51","slug":"cours-et-ateliers","status":"publish","type":"page","link":"https:\/\/www.ateliergene.ch\/index.php\/cours-et-ateliers\/","title":{"rendered":"Cours et ateliers"},"content":{"rendered":"\n<h3>Cours c\u00e9ramique enfants<\/h3>\n\n\n\n<p>L\u2019enfant sera encourag\u00e9 \u00e0 d\u00e9velopper sa cr\u00e9ativit\u00e9 et \u00e0 s\u2019exprimer au moyen de la terre et du dessin sur c\u00e9ramique. Il apprendra diff\u00e9rentes techniques de fa\u00e7onnage et \u00e0 r\u00e9aliser ses propres projets en \u00e9tant accompagn\u00e9 individuellement et en d\u00e9veloppant ses capacit\u00e9s manuelles.<\/p>\n\n\n\n<p><em>O\u00f9?\nA son atelier, avenue de Tivoli 28<\/em><\/p>\n\n\n\n<p>Quand?<br>\nA convenir<\/p>\n\n\n\n<p>Dur\u00e9e du cours?<br>\n8 cours (de 2 h.), renouvelable<\/p>\n\n\n\n<p>Prix?<br>\n300 frs mat\u00e9riaux et cuisson inclus<\/p>\n\n\n\n<h3>Cours c\u00e9ramique adultes<\/h3>\n\n\n\n<p>Apprentissage de diff\u00e9rentes techniques de fa\u00e7onnage de la terre afin de trouver<br>\nson propre langage et d\u2019exp\u00e9rimenter ainsi diff\u00e9rentes pistes cr\u00e9atrices.<br>\nLes objets ou cr\u00e9ations pourront \u00eatre d\u00e9cor\u00e9es ou \u00e9maill\u00e9es selon le d\u00e9sir des participants.<\/p>\n\n\n\n<p><em>O\u00f9?\nA son atelier, avenue de Tivoli 28<\/em><\/p>\n\n\n\n<p>Quand?<br>\nA convenir<\/p>\n\n\n\n<p>Dur\u00e9e du cours?<br>\n10 cours (de 2 h.), renouvelable<\/p>\n\n\n\n<p>Prix?<br>\n580 frs mat\u00e9riel et cuisson inclus (d\u00e8s 4 participants);<br>\nsi 2 participants, le prix est major\u00e9 (40 frs\/h. et par personne tout compris);<br>\npossibilit\u00e9 d\u2019adapter le prix en fonction du budget<\/p>\n\n\n\n<h3>Cours individualis\u00e9<\/h3>\n\n\n\n<p>Cours personnalis\u00e9 ax\u00e9 sur le d\u00e9veloppement de la cr\u00e9ativit\u00e9 et de l\u2019expression avec possibilit\u00e9 d\u2019explorer diff\u00e9rentes techniques de c\u00e9ramique adapt\u00e9e au participant et \u00e0 ses besoins.<br>\nIl n\u2019y pas besoin d\u2019avoir un don particulier mais juste une envie de cr\u00e9er librement et avec plaisir. Un accompagnement en fonction d\u2019une probl\u00e9matique particuli\u00e8re peut \u00eatre propos\u00e9 si d\u00e9sir\u00e9.<\/p>\n\n\n\n<p><em>O\u00f9?\nA son atelier, avenue de Tivoli 28<\/em><\/p>\n\n\n\n<p>Quand?<br>\nA convenir<\/p>\n\n\n\n<p>Dur\u00e9e du cours?<br>\n1h30 \/ 2 semaines,<br>\n8 cours, renouvelable<\/p>\n\n\n\n<p>Prix?<br>\n600 frs cours individuel, mat\u00e9riel et cuisson inclus,<br>\npossibilit\u00e9 d\u2019adapter le prix en fonction du budget<\/p>\n\n\n\n<h3>Cours sur mesure!<\/h3>\n\n\n\n<p>ex. : terre en famille avec un projet concret\/ anniversaires de vos enfants\/cr\u00e9er entre copains ou copines etc.<br>\nEnvie de cr\u00e9er un projet en terre en famille ou avec vos amis qui vous tient \u00e0 coeur ?<br>\nC\u2019est possible ! Vous serez accompagn\u00e9 individuellement&nbsp; avec une aide concr\u00e8te pour r\u00e9aliser votre projet<\/p>\n\n\n\n<p>Outils et mat\u00e9riel mis \u00e0 disposition.<br>\nGroupement de 2 familles possible (min. de 2 personnes).<\/p>\n\n\n\n<p><em>Exigences: Me donner votre projet 2 semaines \u00e0 l\u2019avance (nb et \u00e2ges des participants, description du projet). Je peux aussi vous proposer des th\u00e8mes sympas mais j\u2019aime m\u2019adapter au d\u00e9sir des clients.<\/em><\/p>\n\n\n\n<p>O\u00f9?<br>\nA son atelier, avenue de Tivoli 28<\/p>\n\n\n\n<p>Quand?<br>\nA convenir ou le samedi matin<\/p>\n\n\n\n<p>Dur\u00e9e du cours et prix?<br>\ntr\u00e8s variable en fonction du projet.<br>\nPour l\u2019organisation d\u2019une activit\u00e9-poterie pour un anniversaire (10 enf. max.) compter 200 frs tout compris, avec d\u00e9placement 250 frs.<\/p>\n\n\n\n<h3>Sp\u00e9cial vacances scolaires<\/h3>\n\n\n\n<p>info 078\/808-71-18<\/p>\n\n\n\n<h3>Cours pour \u00e9coles<\/h3>\n\n\n\n<p>Dossier p\u00e9dagogique \u00e0 t\u00e9l\u00e9charger ici: <a href=\"http:\/\/www.ateliergene.ch\/wp-content\/uploads\/2020\/08\/dossierpedagogique.pdf\">Dossier P\u00e9dagogique<\/a><\/p>\n\n\n\n<h3>Contact<\/h3>\n\n\n\n<p>Genevi\u00e8ve Schneeberger<br>\n078 808 71 18<\/p>\n","protected":false},"excerpt":{"rendered":"<p>Cours c\u00e9ramique enfants L\u2019enfant sera encourag\u00e9 \u00e0 d\u00e9velopper sa cr\u00e9ativit\u00e9 et \u00e0 s\u2019exprimer au moyen de la terre et du dessin sur c\u00e9ramique. Il apprendra diff\u00e9rentes techniques de fa\u00e7onnage et \u00e0 r\u00e9aliser ses propres projets en \u00e9tant accompagn\u00e9 individuellement et en d\u00e9veloppant ses capacit\u00e9s manuelles. O\u00f9? A son atelier, avenue de Tivoli 28 Quand? A &hellip; <\/p>\n","protected":false},"author":1,"featured_media":297,"parent":0,"menu_order":0,"comment_status":"closed","ping_status":"closed","template":"","meta":[],"_links":{"self":[{"href":"https:\/\/www.ateliergene.ch\/index.php\/wp-json\/wp\/v2\/pages\/146"}],"collection":[{"href":"https:\/\/www.ateliergene.ch\/index.php\/wp-json\/wp\/v2\/pages"}],"about":[{"href":"https:\/\/www.ateliergene.ch\/index.php\/wp-json\/wp\/v2\/types\/page"}],"author":[{"embeddable":true,"href":"https:\/\/www.ateliergene.ch\/index.php\/wp-json\/wp\/v2\/users\/1"}],"replies":[{"embeddable":true,"href":"https:\/\/www.ateliergene.ch\/index.php\/wp-json\/wp\/v2\/comments?post=146"}],"version-history":[{"count":2,"href":"https:\/\/www.ateliergene.ch\/index.php\/wp-json\/wp\/v2\/pages\/146\/revisions"}],"predecessor-version":[{"id":299,"href":"https:\/\/www.ateliergene.ch\/index.php\/wp-json\/wp\/v2\/pages\/146\/revisions\/299"}],"wp:featuredmedia":[{"embeddable":true,"href":"https:\/\/www.ateliergene.ch\/index.php\/wp-json\/wp\/v2\/media\/297"}],"wp:attachment":[{"href":"https:\/\/www.ateliergene.ch\/index.php\/wp-json\/wp\/v2\/media?parent=146"}],"curies":[{"name":"wp","href":"https:\/\/api.w.org\/{rel}","templated":true}]}}